{"id":3,"date":"2024-11-29T10:21:45","date_gmt":"2024-11-29T10:21:45","guid":{"rendered":"http:\/\/exclusivasalisur.com\/?page_id=3"},"modified":"2025-04-24T13:31:39","modified_gmt":"2025-04-24T13:31:39","slug":"politica-proteccion-datos","status":"publish","type":"page","link":"https:\/\/exclusivasalisur.com\/?page_id=3","title":{"rendered":"Pol\u00edtica de protecci\u00f3n de datos"},"content":{"rendered":"\t\t<div data-elementor-type=\"wp-page\" data-elementor-id=\"3\" class=\"elementor elementor-3\">\n\t\t\t\t<div class=\"elementor-element elementor-element-7d6d4a71 e-flex e-con-boxed e-con e-parent\" data-id=\"7d6d4a71\" data-element_type=\"container\">\n\t\t\t\t\t<div class=\"e-con-inner\">\n\t\t\t\t<div class=\"elementor-element elementor-element-e688c40 elementor-widget elementor-widget-text-editor\" data-id=\"e688c40\" data-element_type=\"widget\" data-widget_type=\"text-editor.default\">\n\t\t\t\t<div class=\"elementor-widget-container\">\n\t\t\t\t\t\t\t\t\t<p><\/p>\n<p><strong><u>Alcance de la pol\u00edtica de protecci\u00f3n de datos personales<\/u><\/strong><\/p>\n<p>Esta pol\u00edtica de protecci\u00f3n de datos de car\u00e1cter personal abarca cualquier tratamiento de datos que pueda producirse al navegar o interaccionar por cualquiera de nuestras p\u00e1ginas web o las redes sociales en las que podamos tener presencia (Facebook, Twitter, Instagram, etc.). Al final de este documento se especifica informaci\u00f3n especial en el caso del uso de las redes sociales. Tambi\u00e9n se aplicar\u00e1 a cualquier procedimiento interno de la empresa que requiera la recogida de datos, ya sea en formularios en formato papel o cualquier otro sistema.<\/p>\n<p><strong>&nbsp;<\/strong><\/p>\n<p>En cualquiera de estos medios, usted puede consultar informaci\u00f3n, y en algunos casos rellenar formularios, contestar encuestas, participar en concursos, realizar consultas, enviar fotograf\u00edas, realizar comentarios, etc. y, por lo tanto, proporcionarnos informaci\u00f3n de datos de car\u00e1cter personal. Todos los tratamientos est\u00e1n sujetos a nuestra pol\u00edtica de privacidad.<\/p>\n<p><strong>&nbsp;<\/strong><\/p>\n<p><strong><u>\u00bfQui\u00e9n es el responsable del Tratamiento de sus datos personales?<\/u><\/strong><\/p>\n<p>En cumplimiento de lo establecido en el Reglamento (UE) 2016\/679 del Parlamento Europeo&nbsp;y&nbsp;del Consejo de 27 de abril del 2016 y la Ley Org\u00e1nica 3\/2018, de 5 de diciembre, de Protecci\u00f3n de Datos Personales y garant\u00eda de los derechos digitales, informamos, que los datos de car\u00e1cter personal que nos proporcione ser\u00e1n tratados por <strong>EXCLUSIVAS ALISUR, S.L.U. <\/strong>con domicilio social en Calle Alemania, n\u00fam. 21, P.I. El Trocadero, CP 11510 Puerto Real (C\u00e1diz), <strong>EXCLUSIVAS ALISUR, S.L.U.<\/strong>, CIF<strong>: <\/strong><strong>B-19.947.357<\/strong>, Tlf: +34 663 83 14 45. y Correo electr\u00f3nico <a href=\"mailto:info@exclusivasalisur.com\">info@exclusivasalisur.com<\/a><\/p>\n<p><\/p>\n<p><strong><u>\u00bfQu\u00e9 tratamientos realizamos de sus datos personales?<\/u><\/strong><\/p>\n<p><\/p>\n<table width=\"566\">\n<tbody>\n<tr>\n<td width=\"132\">\n<p><strong>Tratamiento<\/strong><\/p>\n<\/td>\n<td width=\"434\">\n<p><strong>CLIENTES<\/strong><\/p>\n<\/td>\n<\/tr>\n<tr>\n<td width=\"132\">\n<p><strong>Finalidad<\/strong><\/p>\n<\/td>\n<td width=\"434\">\n<p>Gestionar los datos de los clientes para gestionar su pedido<\/p>\n<\/td>\n<\/tr>\n<tr>\n<td width=\"132\">\n<p><strong>Categor\u00edas de los datos<\/strong><\/p>\n<\/td>\n<td width=\"434\">\n<p>Clientes<\/p>\n<\/td>\n<\/tr>\n<tr>\n<td width=\"132\">\n<p><strong>Datos<\/strong><\/p>\n<\/td>\n<td width=\"434\">\n<p>Datos identificativos: Nombre y apellidos, DNI, direcci\u00f3n, tel\u00e9fono, mail<\/p>\n<p>Tarjeta de cr\u00e9dito<\/p>\n<\/td>\n<\/tr>\n<tr>\n<td width=\"132\">\n<p><strong>Legitimaci\u00f3n<\/strong><\/p>\n<\/td>\n<td width=\"434\">\n<p>Relaci\u00f3n contractual.<\/p>\n<\/td>\n<\/tr>\n<tr>\n<td width=\"132\">\n<p><strong>Procedencia<\/strong><\/p>\n<\/td>\n<td width=\"434\">\n<p>Del propio interesado<\/p>\n<\/td>\n<\/tr>\n<tr>\n<td width=\"132\">\n<p><strong>Destinatarios<\/strong><\/p>\n<\/td>\n<td width=\"434\">\n<p>Las previstas por normativa<\/p>\n<\/td>\n<\/tr>\n<tr>\n<td width=\"132\">\n<p><strong>Tiempo de conservaci\u00f3n<\/strong><\/p>\n<\/td>\n<td width=\"434\">\n<p>Las previstas por normativa<\/p>\n<\/td>\n<\/tr>\n<tr>\n<td width=\"132\">\n<p><strong>Transferencias internacionales<\/strong><\/p>\n<\/td>\n<td width=\"434\">\n<p>No hay transferencia internacional de datos<\/p>\n<\/td>\n<\/tr>\n<\/tbody>\n<\/table>\n<p><strong>&nbsp;<\/strong><\/p>\n<table>\n<tbody>\n<tr>\n<td width=\"132\">\n<p><strong>Tratamiento:<\/strong><\/p>\n<\/td>\n<td width=\"434\">\n<p><strong>CANAL \u00c9TICO<\/strong><\/p>\n<\/td>\n<\/tr>\n<tr>\n<td width=\"132\">\n<p><strong>Finalidad<\/strong><\/p>\n<\/td>\n<td width=\"434\">\n<p>Gesti\u00f3n de los datos personales procedentes del canal \u00e9tico y los datos que deriven de la gesti\u00f3n del mismo.<\/p>\n<\/td>\n<\/tr>\n<tr>\n<td width=\"132\">\n<p><strong>Categor\u00edas de datos<\/strong><\/p>\n<\/td>\n<td width=\"434\">\n<p>Trabajadores de la empresa, clientes y \/u otras personas vinculadas.<\/p>\n<\/td>\n<\/tr>\n<tr>\n<td width=\"132\"><strong>Datos:<\/strong><\/td>\n<td width=\"434\">Datos personales que puedan incluirse en la denuncia. No definidos por la empresa.<\/td>\n<\/tr>\n<tr>\n<td width=\"132\"><strong>Legitimaci\u00f3n<\/strong><\/td>\n<td width=\"434\">\n<p>6.c). Cumplimiento de una obligaci\u00f3n legal aplicable al responsable del tratamiento<\/p>\n<p>6. f)&nbsp;el tratamiento es necesario para la satisfacci\u00f3n de intereses leg\u00edtimos perseguidos por el responsable del tratamiento<\/p>\n<\/td>\n<\/tr>\n<tr>\n<td width=\"132\"><strong>Procedencia:<\/strong><\/td>\n<td width=\"434\">De la persona que realiza la denuncia que puede ser an\u00f3nima.<\/td>\n<\/tr>\n<tr>\n<td width=\"132\"><strong>Destinatarios<\/strong><\/td>\n<td width=\"434\">No est\u00e1 prevista la transferencia de informaci\u00f3n.<\/td>\n<\/tr>\n<tr>\n<td width=\"132\"><strong>Conservaci\u00f3n:<\/strong><\/td>\n<td width=\"434\">Siguiendo las directrices de la legislaci\u00f3n laboral vigente.<\/td>\n<\/tr>\n<tr>\n<td width=\"132\"><strong>Transferencias internacionales<\/strong><\/td>\n<td width=\"434\">No existen transferencias internacionales de datos.<\/td>\n<\/tr>\n<\/tbody>\n<\/table>\n<table>\n<tbody>\n<tr>\n<td width=\"132\">\n<p><strong>Tratamiento:<\/strong><\/p>\n<\/td>\n<td width=\"434\">\n<p><strong>INFORMACI\u00d3N<\/strong><\/p>\n<\/td>\n<\/tr>\n<tr>\n<td width=\"132\">\n<p><strong>Finalidad<\/strong><\/p>\n<\/td>\n<td width=\"434\">\n<p>Responder las peticiones de informaci\u00f3n que se recepcionan por la web<\/p>\n<\/td>\n<\/tr>\n<tr>\n<td width=\"132\">\n<p><strong>Categor\u00edas de datos<\/strong><\/p>\n<\/td>\n<td width=\"434\">\n<p>Personas que solicitan informaci\u00f3n<\/p>\n<\/td>\n<\/tr>\n<tr>\n<td width=\"132\">\n<p><strong>Datos:<\/strong><\/p>\n<\/td>\n<td width=\"434\">\n<p>Nombre, apellidos, mail, tel\u00e9fono<\/p>\n<\/td>\n<\/tr>\n<tr>\n<td width=\"132\">\n<p><strong>Legitimaci\u00f3n<\/strong><\/p>\n<\/td>\n<td width=\"434\">\n<p>Inter\u00e9s leg\u00edtimo<\/p>\n<\/td>\n<\/tr>\n<tr>\n<td width=\"132\">\n<p><strong>Procedencia:<\/strong><\/p>\n<\/td>\n<td width=\"434\">\n<p>Del propio interesado<\/p>\n<\/td>\n<\/tr>\n<tr>\n<td width=\"132\">\n<p><strong>Destinatarios<\/strong><\/p>\n<\/td>\n<td width=\"434\">\n<p>No hay comunicaciones de los datos.<\/p>\n<\/td>\n<\/tr>\n<tr>\n<td width=\"132\">\n<p><strong>Conservaci\u00f3n:<\/strong><\/p>\n<\/td>\n<td width=\"434\">\n<p>Hasta que se haya gestionado la petici\u00f3n.<\/p>\n<\/td>\n<\/tr>\n<tr>\n<td width=\"132\">\n<p><strong>Transferencias internacionales<\/strong><\/p>\n<\/td>\n<td width=\"434\">\n<p>No existen transferencias internacionales de datos.<\/p>\n<\/td>\n<\/tr>\n<\/tbody>\n<\/table>\n<table>\n<tbody>\n<tr>\n<td width=\"132\">\n<p><strong>Tratamiento:<\/strong><\/p>\n<\/td>\n<td width=\"434\">\n<p><strong>NEWSLETTER<\/strong><\/p>\n<\/td>\n<\/tr>\n<tr>\n<td width=\"132\">\n<p><strong>Finalidad<\/strong><\/p>\n<\/td>\n<td width=\"434\">\n<p>Env\u00edo de informaci\u00f3n sobre productos de la empresa<\/p>\n<\/td>\n<\/tr>\n<tr>\n<td width=\"132\">\n<p><strong>Categor\u00edas de datos<\/strong><\/p>\n<\/td>\n<td width=\"434\">\n<p>Personas que solicitan informaci\u00f3n<\/p>\n<\/td>\n<\/tr>\n<tr>\n<td width=\"132\">\n<p><strong>Datos:<\/strong><\/p>\n<\/td>\n<td width=\"434\">\n<p>Nombre, apellidos, mail, tel\u00e9fono<\/p>\n<\/td>\n<\/tr>\n<tr>\n<td width=\"132\">\n<p><strong>Legitimaci\u00f3n<\/strong><\/p>\n<\/td>\n<td width=\"434\">\n<p>Consentimiento. Este puede ser revocado en cualquier momento.<\/p>\n<\/td>\n<\/tr>\n<tr>\n<td width=\"132\">\n<p><strong>Procedencia:<\/strong><\/p>\n<\/td>\n<td width=\"434\">\n<p>Del propio interesado<\/p>\n<\/td>\n<\/tr>\n<tr>\n<td width=\"132\">\n<p><strong>Destinatarios<\/strong><\/p>\n<\/td>\n<td width=\"434\">\n<p>No hay comunicaciones de los datos.<\/p>\n<\/td>\n<\/tr>\n<tr>\n<td width=\"132\">\n<p><strong>Conservaci\u00f3n:<\/strong><\/p>\n<\/td>\n<td width=\"434\">\n<p>Hasta que se ejerza el derecho de oposici\u00f3n y\/o supresi\u00f3n<\/p>\n<\/td>\n<\/tr>\n<tr>\n<td width=\"132\">\n<p><strong>Transferencias internacionales<\/strong><\/p>\n<\/td>\n<td width=\"434\">\n<p>No existen transferencias internacionales de datos.<\/p>\n<\/td>\n<\/tr>\n<\/tbody>\n<\/table>\n<p><\/p>\n<p>Su consentimiento puede ser revocado en cualquier momento.<\/p>\n<p><strong>EXCLUSIVAS ALISUR, S.L.U.<\/strong>&nbsp;utiliza herramientas para analizar perfiles, comportamientos o preferencias de los usuarios y posteriormente realizar campa\u00f1as dirigidas en funci\u00f3n de estos datos.<\/p>\n<p><strong>&nbsp;<\/strong><\/p>\n<p><strong><u>\u00bfPor qu\u00e9 raz\u00f3n utilizamos sus datos personales?<\/u><\/strong><\/p><strong><u>\n<\/u><\/strong><p><strong><u><\/u><\/strong><\/p>\n<p>A continuaci\u00f3n, le explicamos la base legal que nos permite tratar sus datos personales.<\/p>\n<p>1.- En cumplimiento de una relaci\u00f3n contractual.<\/p>\n<p>2.- Cuando nos da su consentimiento.&nbsp;<\/p>\n<p>3.- Por inter\u00e9s leg\u00edtimo de <strong>EXCLUSIVAS ALISUR, S.L.U. <\/strong>para mostrarle servicios, productos e iniciativas que puedan interesarle.<\/p>\n<p>4.- Cumplimiento de obligaciones impuestas por Ley.<\/p>\n<p>Les recordamos que puede revocar su consentimiento en cualquier momento en la siguiente direcci\u00f3n: <a href=\"mailto:lopd@disbasegrup.com\">lopd@disbasegrup.com<\/a>.<\/p>\n<p><\/p>\n<p><strong><u>Publicaciones de fotos o videos en la p\u00e1gina web o en las redes sociales<\/u><\/strong><\/p>\n<p>Para la publicaci\u00f3n de fotograf\u00edas o videos de nuestros trabajadores, clientes, usuarios o menores en la web o redes sociales, al igual que para recopilar datos para realizar un concurso o tratar cualquier otro dato personal, previamente obtenemos el&nbsp;consentimiento&nbsp;previo, expl\u00edcito, indiscutible&nbsp;e informado del titular que, en el caso de los menores de 14 a\u00f1os, se otorga por los padres o tutores legales.<\/p>\n<p>El tratamiento de estas fotos acata&nbsp;el principio de&nbsp;proporcionalidad, es decir, solo se tratan estrictamente para la finalidad para la que se ha prestado el consentimiento.<\/p>\n<p><strong><u>Datos no pertinentes<\/u><\/strong><\/p>\n<p><strong>EXCLUSIVAS ALISUR, S.L.U. <\/strong>advierte al usuario de que, salvo la existencia de una representaci\u00f3n legalmente constituida, ning\u00fan usuario puede utilizar la identidad de otra persona y comunicar sus datos personales, por lo que el usuario en todo momento deber\u00e1 tener en cuenta que solo puede proporcionar datos personales correspondientes a su propia identidad y que sean adecuados, pertinentes, actuales, exactos y verdaderos.<\/p>\n<p><strong><u>\u00bfCu\u00e1nto tiempo conservaremos sus datos?<\/u><\/strong><\/p>\n<p><strong>EXCLUSIVAS ALISUR, S.L.U. <\/strong>guarda sus Datos Personales mientras sea necesario para el fin por el que fueron recopilados. Si la directriz es distinta a la indicada en esta pol\u00edtica, se detalla en el documento pertinente.<\/p>\n<p><\/p>\n<p><strong><u>\u00bfA qui\u00e9n comunicaremos sus datos?<\/u><\/strong><\/p>\n<p><strong>EXCLUSIVAS ALISUR, S.L.U. <\/strong>solamente ceder\u00e1 sus datos en aquellos servicios en los que se indica y en los casos previstos por una ley.<\/p>\n<p>No se realizar\u00e1n transferencias internacionales de sus datos personales.<\/p>\n<p><\/p>\n<p>En el caso de las redes sociales, toda la informaci\u00f3n y contenidos publicados por el usuario&nbsp;ser\u00e1n objeto de comunicaci\u00f3n y compartidos con el resto de los usuarios que consulten esta red social, por la propia naturaleza del servicio.<\/p>\n<p><\/p>\n<p><strong><u>Medidas de seguridad<\/u><\/strong><\/p>\n<p><strong>EXCLUSIVAS ALISUR, S.L.U. <\/strong>asegura la absoluta confidencialidad y privacidad de los datos personales recogidos y por ello se han adoptado medidas esenciales de seguridad para evitar la alteraci\u00f3n, p\u00e9rdida, tratamiento o acceso no autorizado y garantizar as\u00ed su integridad y seguridad.<\/p>\n<p><\/p>\n<p>El Usuario se compromete a hacer un uso diligente y a no poner a la disposici\u00f3n de terceros su nombre de usuario y contrase\u00f1a, as\u00ed mismo se compromete a llevar a disposici\u00f3n de la empresa cualquier, robo, p\u00e9rdida o riesgo de acceso de terceros a su usuario.<\/p>\n<p><\/p>\n<p><strong><u>\u00bfCu\u00e1les son sus derechos cuando nos facilita sus datos personales?<\/u><\/strong><\/p>\n<p><\/p>\n<table>\n<tbody>\n<tr>\n<td width=\"141\">\n<p><strong>Derecho<\/strong><\/p>\n<\/td>\n<td width=\"236\">\n<p><strong>Contenido<\/strong><\/p>\n<\/td>\n<td width=\"189\">\n<p><strong>Canal de atenci\u00f3n<\/strong><\/p>\n<\/td>\n<\/tr>\n<tr>\n<td width=\"141\">\n<p><strong>Acceso<\/strong><\/p>\n<\/td>\n<td width=\"236\">\n<p>Podr\u00e1 consultar los datos personales gestionados por <strong>EXCLUSIVAS ALISUR, S.L.U. <\/strong><\/p>\n<\/td>\n<td rowspan=\"6\" width=\"189\">\n<p><sub>&nbsp;<\/sub><\/p>\n<p><sub>&nbsp;<\/sub><\/p>\n<p><sub>&nbsp;<\/sub><\/p>\n<p><sub>&nbsp;<\/sub><\/p>\n<p><a href=\"mailto:lopd@disbasegrup.com\">lopd@disbasegrup.com<\/a><\/p>\n<\/td>\n<\/tr>\n<tr>\n<td width=\"141\">\n<p><strong>Rectificaci\u00f3n<\/strong><\/p>\n<\/td>\n<td width=\"236\">\n<p>Podr\u00e1 modificar sus datos personales cuando sean inexactos.<\/p>\n<\/td>\n<\/tr>\n<tr>\n<td width=\"141\">\n<p><strong>Supresi\u00f3n<\/strong><\/p>\n<\/td>\n<td width=\"236\">\n<p>Podr\u00e1 solicitar la eliminaci\u00f3n de sus datos personales<\/p>\n<\/td>\n<\/tr>\n<tr>\n<td width=\"141\">\n<p><strong>Oposici\u00f3n<\/strong><\/p>\n<\/td>\n<td width=\"236\">\n<p>Podr\u00e1 solicitar que no se traten sus datos personales.<\/p>\n<\/td>\n<\/tr>\n<tr>\n<td width=\"141\">\n<p><strong>Limitaci\u00f3n del tratamiento<\/strong><\/p>\n<\/td>\n<td width=\"236\">\n<p>Podr\u00e1s solicitar la limitaci\u00f3n al tratamiento de tus datos en los siguientes casos:<\/p>\n<p>&#8211;&nbsp;&nbsp; Mientras se comprueba la impugnaci\u00f3n de la exactitud de tus datos<\/p>\n<p>&#8211;&nbsp;&nbsp; Cuando <strong>EXCLUSIVAS ALISUR, S.L.U. <\/strong>no necesite tratar sus datos, pero usted los necesites para el ejercicio o defensa de reclamaciones.<\/p>\n<\/td>\n<\/tr>\n<tr>\n<td width=\"141\">\n<p><strong>Portabilidad<\/strong><\/p>\n<\/td>\n<td width=\"236\">\n<p>Podr\u00e1 recibir en formato electr\u00f3nico los datos que nos haya facilitado en formato electr\u00f3nico<\/p>\n<\/td>\n<\/tr>\n<tr>\n<td colspan=\"3\" width=\"566\">\n<p><strong>Si considera que no hemos tratado sus datos personales de acuerdo con la normativa, presentar una reclamaci\u00f3n ante la Agencia Espa\u00f1ola de Protecci\u00f3n de Datos (www.agpd.es).<\/strong><\/p>\n<\/td>\n<\/tr>\n<tr>\n<td colspan=\"3\" width=\"566\">\n<p><strong>Para ejercitar sus derechos, acompa\u00f1e su solicitud una copia de su DNI o documento acreditativo de tu identidad.<\/strong><\/p>\n<\/td>\n<\/tr>\n<tr>\n<td colspan=\"3\" width=\"566\">\n<p><strong>El ejercicio de sus derechos es gratuito<\/strong><\/p>\n<\/td>\n<\/tr>\n<\/tbody>\n<\/table>\n<p><\/p>\n<p><\/p>\n<p><\/p>\t\t\t\t\t\t\t\t<\/div>\n\t\t\t\t<\/div>\n\t\t\t\t\t<\/div>\n\t\t\t\t<\/div>\n\t\t\t\t<\/div>\n\t\t","protected":false},"excerpt":{"rendered":"<p>Alcance de la pol\u00edtica de protecci\u00f3n de datos personales Esta pol\u00edtica de protecci\u00f3n de datos de car\u00e1cter personal abarca cualquier [&hellip;]<\/p>\n","protected":false},"author":1,"featured_media":0,"parent":0,"menu_order":0,"comment_status":"closed","ping_status":"closed","template":"","meta":{"site-sidebar-layout":"default","site-content-layout":"","ast-site-content-layout":"","site-content-style":"default","site-sidebar-style":"default","ast-global-header-display":"","ast-banner-title-visibility":"","ast-main-header-display":"","ast-hfb-above-header-display":"","ast-hfb-below-header-display":"","ast-hfb-mobile-header-display":"","site-post-title":"","ast-breadcrumbs-content":"","ast-featured-img":"","footer-sml-layout":"","theme-transparent-header-meta":"","adv-header-id-meta":"","stick-header-meta":"","header-above-stick-meta":"","header-main-stick-meta":"","header-below-stick-meta":"","astra-migrate-meta-layouts":"default","ast-page-background-enabled":"default","ast-page-background-meta":{"desktop":{"background-color":"var(--ast-global-color-4)","background-image":"","background-repeat":"repeat","background-position":"center center","background-size":"auto","background-attachment":"scroll","background-type":"","background-media":"","overlay-type":"","overlay-color":"","overlay-opacity":"","overlay-gradient":""},"tablet":{"background-color":"","background-image":"","background-repeat":"repeat","background-position":"center center","background-size":"auto","background-attachment":"scroll","background-type":"","background-media":"","overlay-type":"","overlay-color":"","overlay-opacity":"","overlay-gradient":""},"mobile":{"background-color":"","background-image":"","background-repeat":"repeat","background-position":"center center","background-size":"auto","background-attachment":"scroll","background-type":"","background-media":"","overlay-type":"","overlay-color":"","overlay-opacity":"","overlay-gradient":""}},"ast-content-background-meta":{"desktop":{"background-color":"var(--ast-global-color-5)","background-image":"","background-repeat":"repeat","background-position":"center center","background-size":"auto","background-attachment":"scroll","background-type":"","background-media":"","overlay-type":"","overlay-color":"","overlay-opacity":"","overlay-gradient":""},"tablet":{"background-color":"var(--ast-global-color-5)","background-image":"","background-repeat":"repeat","background-position":"center center","background-size":"auto","background-attachment":"scroll","background-type":"","background-media":"","overlay-type":"","overlay-color":"","overlay-opacity":"","overlay-gradient":""},"mobile":{"background-color":"var(--ast-global-color-5)","background-image":"","background-repeat":"repeat","background-position":"center center","background-size":"auto","background-attachment":"scroll","background-type":"","background-media":"","overlay-type":"","overlay-color":"","overlay-opacity":"","overlay-gradient":""}},"footnotes":""},"class_list":["post-3","page","type-page","status-publish","hentry"],"_links":{"self":[{"href":"https:\/\/exclusivasalisur.com\/index.php?rest_route=\/wp\/v2\/pages\/3","targetHints":{"allow":["GET"]}}],"collection":[{"href":"https:\/\/exclusivasalisur.com\/index.php?rest_route=\/wp\/v2\/pages"}],"about":[{"href":"https:\/\/exclusivasalisur.com\/index.php?rest_route=\/wp\/v2\/types\/page"}],"author":[{"embeddable":true,"href":"https:\/\/exclusivasalisur.com\/index.php?rest_route=\/wp\/v2\/users\/1"}],"replies":[{"embeddable":true,"href":"https:\/\/exclusivasalisur.com\/index.php?rest_route=%2Fwp%2Fv2%2Fcomments&post=3"}],"version-history":[{"count":33,"href":"https:\/\/exclusivasalisur.com\/index.php?rest_route=\/wp\/v2\/pages\/3\/revisions"}],"predecessor-version":[{"id":597,"href":"https:\/\/exclusivasalisur.com\/index.php?rest_route=\/wp\/v2\/pages\/3\/revisions\/597"}],"wp:attachment":[{"href":"https:\/\/exclusivasalisur.com\/index.php?rest_route=%2Fwp%2Fv2%2Fmedia&parent=3"}],"curies":[{"name":"wp","href":"https:\/\/api.w.org\/{rel}","templated":true}]}}