{"id":275,"date":"2025-02-04T11:58:44","date_gmt":"2025-02-04T11:58:44","guid":{"rendered":"https:\/\/exclusivasalisur.com\/?page_id=275"},"modified":"2025-04-24T14:23:44","modified_gmt":"2025-04-24T14:23:44","slug":"cumplimiento-legal","status":"publish","type":"page","link":"https:\/\/exclusivasalisur.com\/?page_id=275","title":{"rendered":"Cumplimiento legal"},"content":{"rendered":"\t\t<div data-elementor-type=\"wp-page\" data-elementor-id=\"275\" class=\"elementor elementor-275\">\n\t\t\t\t<div class=\"elementor-element elementor-element-5731ddf e-flex e-con-boxed e-con e-parent\" data-id=\"5731ddf\" data-element_type=\"container\">\n\t\t\t\t\t<div class=\"e-con-inner\">\n\t\t\t\t<div class=\"elementor-element elementor-element-47708a5 elementor-widget elementor-widget-heading\" data-id=\"47708a5\" data-element_type=\"widget\" data-widget_type=\"heading.default\">\n\t\t\t\t<div class=\"elementor-widget-container\">\n\t\t\t\t\t<h2 class=\"elementor-heading-title elementor-size-default\">CUMPLIMIENTO LEGAL<\/h2>\t\t\t\t<\/div>\n\t\t\t\t<\/div>\n\t\t\t\t<div class=\"elementor-element elementor-element-fb3f757 elementor-widget elementor-widget-text-editor\" data-id=\"fb3f757\" data-element_type=\"widget\" data-widget_type=\"text-editor.default\">\n\t\t\t\t<div class=\"elementor-widget-container\">\n\t\t\t\t\t\t\t\t\t<p><strong>EXCLUSIVAS ALISUR, S.L.U<\/strong>. es una empresa comprometida con el comportamiento \u00e9tico y socialmente responsable, el cual se encuentra presente en todas y cada una de sus decisiones y \u00e1reas de actuaci\u00f3n, con especial respeto a los derechos humanos, los derechos laborales y a las libertades de las personas.<\/p><p>El reflejo de este compromiso de cultura de cumplimiento y voluntad de prevenci\u00f3n de todo tipo de riesgos de alcance penal se halla en la dotaci\u00f3n de un sistema de prevenci\u00f3n de riesgos penales en <strong>EXCLUSIVAS ALISUR, S.L.U.<\/strong> as\u00ed como en la adopci\u00f3n de su Manual de <em>Compliance<\/em>\u00a0(Pol\u00edtica de\u00a0<em>Compliance<\/em>), C\u00f3digo \u00c9tico y normativa interna que los desarrolla.<\/p><p>La Pol\u00edtica de\u00a0<em>Compliance<\/em> de<strong> EXCLUSIVAS ALISUR, S.L.U.<\/strong> tiene como objetivo la identificaci\u00f3n y prevenci\u00f3n de riesgos de alcance penal, as\u00ed como el cumplimiento normativo en todos los \u00e1mbitos de actividad, incluyendo las exigencias legales, la normativa interna de la empresa, as\u00ed como los est\u00e1ndares del buen gobierno corporativo y las mejores pr\u00e1cticas empresariales.<\/p><p>El C\u00f3digo \u00c9tico de <strong>EXCLUSIVAS ALISUR, S.L.U.<\/strong> recoge los principios y valores que deben presidir la actuaci\u00f3n de la empresa y de todos sus empleados y empleadas, estableciendo un conjunto de principios y pautas de conducta en el desarrollo de su actividad y con independencia de su nivel jer\u00e1rquico, de su ubicaci\u00f3n geogr\u00e1fica o funcional, con el fin de procurar un comportamiento profesional \u00e9tico, responsable y de transparencia en todos los \u00e1mbitos de actuaci\u00f3n. Asimismo, el C\u00f3digo \u00c9tico de <strong>EXCLUSIVAS ALISUR, S.L.U.<\/strong> debe ser una referencia para todos aquellos terceros que tengan relaci\u00f3n, colaboren o contraten con la empresa.<\/p><p><strong>EXCLUSIVAS ALISUR, S.L.U.<\/strong> proporciona un canal de comunicaci\u00f3n espec\u00edfico que sirve de instrumento para que todas aquellas personas que tengan conocimiento, en un contexto laboral o profesional, de la realizaci\u00f3n de cualquier infracci\u00f3n en <strong>EXCLUSIVAS ALISUR, S.L.U.<\/strong> la puedan poner en conocimiento (incluso de forma an\u00f3nima) al Responsable del Sistema a trav\u00e9s de los siguientes canales de comunicaci\u00f3n del Canal \u00c9tico que <strong>EXCLUSIVAS ALISUR, S.L.U.<\/strong> tiene habilitados al efecto:<\/p><p>&#8211;\u00a0\u00a0\u00a0\u00a0\u00a0\u00a0\u00a0\u00a0\u00a0\u00a0A trav\u00e9s de la direcci\u00f3n de correo electr\u00f3nico:\u00a0<a href=\"mailto:canaletico@disbasegrup.com\">canaletico@disbasegrup.com<\/a><\/p><p>&#8211;\u00a0\u00a0\u00a0\u00a0\u00a0\u00a0\u00a0\u00a0\u00a0\u00a0V\u00eda correo postal a la siguiente direcci\u00f3n: Afueras, s\/n, 17183 Sant Dalmai (Vilob\u00ed d\u2019Onyar), Girona (a la atenci\u00f3n exclusiva del Responsable del Sistema (Canal \u00c9tico) de DISBASE) o;<\/p><p>&#8211;\u00a0\u00a0\u00a0\u00a0\u00a0\u00a0\u00a0\u00a0\u00a0\u00a0Mediante solicitud de reuni\u00f3n presencial con el Responsable del Sistema.<\/p><ul><li>Lea\u00a0<a href=\"https:\/\/exclusivasalisur.com\/?page_id=284\"><u>aqu\u00ed <\/u><\/a>nuestro C\u00f3digo \u00c9tico<\/li><li>Lea\u00a0<a href=\"https:\/\/exclusivasalisur.com\/?page_id=480\"><u>aqu\u00ed <\/u><\/a>nuestra Pol\u00edtica de funcionamiento del Canal \u00c9tico<\/li><\/ul>\t\t\t\t\t\t\t\t<\/div>\n\t\t\t\t<\/div>\n\t\t\t\t\t<\/div>\n\t\t\t\t<\/div>\n\t\t\t\t<\/div>\n\t\t","protected":false},"excerpt":{"rendered":"<p>CUMPLIMIENTO LEGAL EXCLUSIVAS ALISUR, S.L.U. es una empresa comprometida con el comportamiento \u00e9tico y socialmente responsable, el cual se encuentra [&hellip;]<\/p>\n","protected":false},"author":1,"featured_media":0,"parent":0,"menu_order":0,"comment_status":"closed","ping_status":"closed","template":"","meta":{"site-sidebar-layout":"no-sidebar","site-content-layout":"","ast-site-content-layout":"full-width-container","site-content-style":"default","site-sidebar-style":"default","ast-global-header-display":"","ast-banner-title-visibility":"","ast-main-header-display":"","ast-hfb-above-header-display":"","ast-hfb-below-header-display":"","ast-hfb-mobile-header-display":"","site-post-title":"disabled","ast-breadcrumbs-content":"","ast-featured-img":"disabled","footer-sml-layout":"","theme-transparent-header-meta":"","adv-header-id-meta":"","stick-header-meta":"","header-above-stick-meta":"","header-main-stick-meta":"","header-below-stick-meta":"","astra-migrate-meta-layouts":"default","ast-page-background-enabled":"default","ast-page-background-meta":{"desktop":{"background-color":"var(--ast-global-color-4)","background-image":"","background-repeat":"repeat","background-position":"center center","background-size":"auto","background-attachment":"scroll","background-type":"","background-media":"","overlay-type":"","overlay-color":"","overlay-opacity":"","overlay-gradient":""},"tablet":{"background-color":"","background-image":"","background-repeat":"repeat","background-position":"center center","background-size":"auto","background-attachment":"scroll","background-type":"","background-media":"","overlay-type":"","overlay-color":"","overlay-opacity":"","overlay-gradient":""},"mobile":{"background-color":"","background-image":"","background-repeat":"repeat","background-position":"center center","background-size":"auto","background-attachment":"scroll","background-type":"","background-media":"","overlay-type":"","overlay-color":"","overlay-opacity":"","overlay-gradient":""}},"ast-content-background-meta":{"desktop":{"background-color":"var(--ast-global-color-5)","background-image":"","background-repeat":"repeat","background-position":"center center","background-size":"auto","background-attachment":"scroll","background-type":"","background-media":"","overlay-type":"","overlay-color":"","overlay-opacity":"","overlay-gradient":""},"tablet":{"background-color":"var(--ast-global-color-5)","background-image":"","background-repeat":"repeat","background-position":"center center","background-size":"auto","background-attachment":"scroll","background-type":"","background-media":"","overlay-type":"","overlay-color":"","overlay-opacity":"","overlay-gradient":""},"mobile":{"background-color":"var(--ast-global-color-5)","background-image":"","background-repeat":"repeat","background-position":"center center","background-size":"auto","background-attachment":"scroll","background-type":"","background-media":"","overlay-type":"","overlay-color":"","overlay-opacity":"","overlay-gradient":""}},"footnotes":""},"class_list":["post-275","page","type-page","status-publish","hentry"],"_links":{"self":[{"href":"https:\/\/exclusivasalisur.com\/index.php?rest_route=\/wp\/v2\/pages\/275","targetHints":{"allow":["GET"]}}],"collection":[{"href":"https:\/\/exclusivasalisur.com\/index.php?rest_route=\/wp\/v2\/pages"}],"about":[{"href":"https:\/\/exclusivasalisur.com\/index.php?rest_route=\/wp\/v2\/types\/page"}],"author":[{"embeddable":true,"href":"https:\/\/exclusivasalisur.com\/index.php?rest_route=\/wp\/v2\/users\/1"}],"replies":[{"embeddable":true,"href":"https:\/\/exclusivasalisur.com\/index.php?rest_route=%2Fwp%2Fv2%2Fcomments&post=275"}],"version-history":[{"count":14,"href":"https:\/\/exclusivasalisur.com\/index.php?rest_route=\/wp\/v2\/pages\/275\/revisions"}],"predecessor-version":[{"id":607,"href":"https:\/\/exclusivasalisur.com\/index.php?rest_route=\/wp\/v2\/pages\/275\/revisions\/607"}],"wp:attachment":[{"href":"https:\/\/exclusivasalisur.com\/index.php?rest_route=%2Fwp%2Fv2%2Fmedia&parent=275"}],"curies":[{"name":"wp","href":"https:\/\/api.w.org\/{rel}","templated":true}]}}