{"id":256,"date":"2025-02-04T11:34:41","date_gmt":"2025-02-04T11:34:41","guid":{"rendered":"https:\/\/exclusivasalisur.com\/?page_id=256"},"modified":"2025-04-24T13:37:48","modified_gmt":"2025-04-24T13:37:48","slug":"aviso-legal","status":"publish","type":"page","link":"https:\/\/exclusivasalisur.com\/?page_id=256","title":{"rendered":"Aviso legal"},"content":{"rendered":"\t\t<div data-elementor-type=\"wp-page\" data-elementor-id=\"256\" class=\"elementor elementor-256\">\n\t\t\t\t<div class=\"elementor-element elementor-element-a44b4c3 e-flex e-con-boxed e-con e-parent\" data-id=\"a44b4c3\" data-element_type=\"container\">\n\t\t\t\t\t<div class=\"e-con-inner\">\n\t\t\t\t<div class=\"elementor-element elementor-element-47c603a elementor-widget elementor-widget-heading\" data-id=\"47c603a\" data-element_type=\"widget\" data-widget_type=\"heading.default\">\n\t\t\t\t<div class=\"elementor-widget-container\">\n\t\t\t\t\t<h2 class=\"elementor-heading-title elementor-size-default\">AVISO LEGAL<\/h2>\t\t\t\t<\/div>\n\t\t\t\t<\/div>\n\t\t\t\t<div class=\"elementor-element elementor-element-8a3d382 elementor-widget elementor-widget-text-editor\" data-id=\"8a3d382\" data-element_type=\"widget\" data-widget_type=\"text-editor.default\">\n\t\t\t\t<div class=\"elementor-widget-container\">\n\t\t\t\t\t\t\t\t\t<p>Bienvenido a la p\u00e1gina web de <strong>EXCLUSIVAS ALISUR, S.L.U.<\/strong><\/p><p>A continuaci\u00f3n, le exponemos las condiciones de uso de esta p\u00e1gina WEB. La navegaci\u00f3n por esta p\u00e1gina WEB le otorga el rol de usuario de la misma y, por tanto, acepta las cl\u00e1usulas detalladas en este documento.<\/p><p><strong>IDENTIFICACI\u00d3N<\/strong><\/p><p>De conformidad con lo que dispone el art\u00edculo 10 de la Ley 34\/2002, de 11 de julio, de Servicios de Sociedad de la Informaci\u00f3n y Comercio Electr\u00f3nico, se informa que www.exclusivasalisur.com es un dominio de la empresa <strong>EXCLUSIVAS ALISUR, S.L.U. <\/strong>con domicilio social en Calle Alemania, n\u00fam. 21, P.I. El Trocadero, CP 11510 Puerto Real (C\u00e1diz), Tlf: 663 83 14 45\u00a0 y mail info@exclusivasalisur.com<\/p><p>La sociedad se denomina <strong>EXCLUSIVAS ALISUR, S.L.U. <\/strong>\u00a0con CIF<strong>: <\/strong><strong>B-19.947.357,<\/strong> que figura inscrita en el Registro Mercantil de C\u00e1diz<strong>,<\/strong> Hoja <strong>CA-00065142<\/strong>, Folio electr\u00f3nico IRUS: <strong>1000428315052<\/strong>.<\/p><p><strong>\u00a0<\/strong><\/p><p><strong>NORMAS DE UTILIZACI\u00d3N<\/strong><\/p><p>El Usuario se compromete a hacer un uso adecuado y l\u00edcito del Sitio Web as\u00ed como de los contenidos y servicios, de conformidad con la legislaci\u00f3n aplicable en cada momento, la moral y buenas costumbres generalmente aceptadas y el orden p\u00fablico.<\/p><p>Queda prohibido realizar, por su parte, cualquier acci\u00f3n que pueda provocar alteraciones de los contenidos de esta WEB o un mal funcionamiento de la misma, incluyendo la introducci\u00f3n de virus o similares.<\/p><p><strong>PROPIEDAD INTELECTUAL<\/strong><\/p><p>Las p\u00e1ginas de la WEB y la informaci\u00f3n o los elementos que contiene incluyen textos, documentos, fotograf\u00edas, dibujos, representaciones gr\u00e1ficas, bases de datos, v\u00eddeos y tambi\u00e9n logotipos, marcas, nombres comerciales, u otros signos distintivos, est\u00e1n protegidos por derechos de propiedad intelectual o industrial, de los cuales <strong>EXCLUSIVAS ALISUR, S.L.U. <\/strong>es titular o licenciataria leg\u00edtima.<\/p><p>Queda prohibida cualquier modalidad de explotaci\u00f3n, incluyendo cualquier tipo de reproducci\u00f3n, distribuci\u00f3n, cesi\u00f3n a terceros, comunicaci\u00f3n p\u00fablica y transformaci\u00f3n, mediante cualquier tipo de apoyo y medio, sin la autorizaci\u00f3n previa y expresa.<\/p><p><strong>RESPONSABILIDAD<\/strong><\/p><p>Nuestra intenci\u00f3n es la de ofrecer un sitio WEB que ofrezca un funcionamiento continuado y de m\u00e1xima calidad.<\/p><p>De todas formas, le informamos que no podemos garantizar el acceso continuado, y que las p\u00e1ginas se puedan encontrar impedidas, o interrumpidas, por factores o circunstancias ajenas a nuestra voluntad.<\/p><p><strong>EXCLUSIVAS ALISUR, S.L.U. <\/strong>\u00a0no es responsable de la informaci\u00f3n y otros contenidos integrados en espacios o p\u00e1ginas web de terceros accesibles mediante enlaces, hiperv\u00ednculos o links.<\/p><p><strong>EXCLUSIVAS ALISUR, S.L.U. <\/strong>no se hace responsable de los perjuicios que se pudieran derivar, entre otros, de:<\/p><ul><li>Interferencias, interrupciones, fallos, omisiones, aver\u00edas telef\u00f3nicas, retrasos, bloqueos o desconexiones en el funcionamiento del sistema electr\u00f3nico, motivadas por deficiencias, sobrecargas y errores en las l\u00edneas y redes de telecomunicaciones.<\/li><\/ul><ul><li>Intromisiones ileg\u00edtimas mediante el uso de programas malignos de cualquier tipo y a trav\u00e9s de cualquier medio de comunicaci\u00f3n.<\/li><\/ul><ul><li>Uso indebido o inadecuado del Sitio Web.<\/li><\/ul><ul><li>Errores producidos por un mal funcionamiento del navegador o por el uso de versiones no actualizadas del mismo.<\/li><\/ul><p>El usuario, en caso de causar da\u00f1os y perjuicios por un uso il\u00edcito o incorrecto de este sitio WEB, podr\u00e1 ser reclamado de los da\u00f1os o perjuicios causados.<\/p><p>Asimismo, el usuario responder\u00e1 frente a cualquier da\u00f1o y perjuicio, que se derive del uso por su parte de \u201crobots\u201d, \u201cspiders\u201d, \u2026 o herramientas similares empleadas con el fin de recabar o extraer datos o de cualquier otra actuaci\u00f3n por su parte que imponga una carga irrazonable sobre el funcionamiento del Sitio Web.<\/p><p><strong>LEGISLACI\u00d3N<\/strong><\/p><p>Para la resoluci\u00f3n de cualquier conflicto que pueda surgir con ocasi\u00f3n de la visita a nuestra WEB aconsejamos que se contacte directamente con nosotros a trav\u00e9s de los datos de contacto que ofrecemos exponiendo su caso, con la finalidad de llegar a un acuerdo amistoso entre las dos partes.<\/p><p>En caso contrario, la ley aplicable en caso de disputa o conflicto de interpretaci\u00f3n de los t\u00e9rminos que conforman este aviso legal, as\u00ed como cualquier cuesti\u00f3n relacionada con los servicios y productos del presente portal, ser\u00e1 la ley espa\u00f1ola.<\/p><p>Nuestra empresa y el Usuario acuerdan someterse a los Jueces y Tribunales de domicilio del Usuario, siempre que el mismo est\u00e9 situado en territorio espa\u00f1ol y act\u00fae en condici\u00f3n de consumidor.<\/p>\t\t\t\t\t\t\t\t<\/div>\n\t\t\t\t<\/div>\n\t\t\t\t\t<\/div>\n\t\t\t\t<\/div>\n\t\t\t\t<\/div>\n\t\t","protected":false},"excerpt":{"rendered":"<p>AVISO LEGAL Bienvenido a la p\u00e1gina web de EXCLUSIVAS ALISUR, S.L.U. A continuaci\u00f3n, le exponemos las condiciones de uso de [&hellip;]<\/p>\n","protected":false},"author":1,"featured_media":0,"parent":0,"menu_order":0,"comment_status":"closed","ping_status":"closed","template":"","meta":{"site-sidebar-layout":"no-sidebar","site-content-layout":"","ast-site-content-layout":"full-width-container","site-content-style":"default","site-sidebar-style":"default","ast-global-header-display":"","ast-banner-title-visibility":"","ast-main-header-display":"","ast-hfb-above-header-display":"","ast-hfb-below-header-display":"","ast-hfb-mobile-header-display":"","site-post-title":"disabled","ast-breadcrumbs-content":"","ast-featured-img":"disabled","footer-sml-layout":"","theme-transparent-header-meta":"","adv-header-id-meta":"","stick-header-meta":"","header-above-stick-meta":"","header-main-stick-meta":"","header-below-stick-meta":"","astra-migrate-meta-layouts":"default","ast-page-background-enabled":"default","ast-page-background-meta":{"desktop":{"background-color":"var(--ast-global-color-4)","background-image":"","background-repeat":"repeat","background-position":"center center","background-size":"auto","background-attachment":"scroll","background-type":"","background-media":"","overlay-type":"","overlay-color":"","overlay-opacity":"","overlay-gradient":""},"tablet":{"background-color":"","background-image":"","background-repeat":"repeat","background-position":"center center","background-size":"auto","background-attachment":"scroll","background-type":"","background-media":"","overlay-type":"","overlay-color":"","overlay-opacity":"","overlay-gradient":""},"mobile":{"background-color":"","background-image":"","background-repeat":"repeat","background-position":"center center","background-size":"auto","background-attachment":"scroll","background-type":"","background-media":"","overlay-type":"","overlay-color":"","overlay-opacity":"","overlay-gradient":""}},"ast-content-background-meta":{"desktop":{"background-color":"var(--ast-global-color-5)","background-image":"","background-repeat":"repeat","background-position":"center center","background-size":"auto","background-attachment":"scroll","background-type":"","background-media":"","overlay-type":"","overlay-color":"","overlay-opacity":"","overlay-gradient":""},"tablet":{"background-color":"var(--ast-global-color-5)","background-image":"","background-repeat":"repeat","background-position":"center center","background-size":"auto","background-attachment":"scroll","background-type":"","background-media":"","overlay-type":"","overlay-color":"","overlay-opacity":"","overlay-gradient":""},"mobile":{"background-color":"var(--ast-global-color-5)","background-image":"","background-repeat":"repeat","background-position":"center center","background-size":"auto","background-attachment":"scroll","background-type":"","background-media":"","overlay-type":"","overlay-color":"","overlay-opacity":"","overlay-gradient":""}},"footnotes":""},"class_list":["post-256","page","type-page","status-publish","hentry"],"_links":{"self":[{"href":"https:\/\/exclusivasalisur.com\/index.php?rest_route=\/wp\/v2\/pages\/256","targetHints":{"allow":["GET"]}}],"collection":[{"href":"https:\/\/exclusivasalisur.com\/index.php?rest_route=\/wp\/v2\/pages"}],"about":[{"href":"https:\/\/exclusivasalisur.com\/index.php?rest_route=\/wp\/v2\/types\/page"}],"author":[{"embeddable":true,"href":"https:\/\/exclusivasalisur.com\/index.php?rest_route=\/wp\/v2\/users\/1"}],"replies":[{"embeddable":true,"href":"https:\/\/exclusivasalisur.com\/index.php?rest_route=%2Fwp%2Fv2%2Fcomments&post=256"}],"version-history":[{"count":11,"href":"https:\/\/exclusivasalisur.com\/index.php?rest_route=\/wp\/v2\/pages\/256\/revisions"}],"predecessor-version":[{"id":600,"href":"https:\/\/exclusivasalisur.com\/index.php?rest_route=\/wp\/v2\/pages\/256\/revisions\/600"}],"wp:attachment":[{"href":"https:\/\/exclusivasalisur.com\/index.php?rest_route=%2Fwp%2Fv2%2Fmedia&parent=256"}],"curies":[{"name":"wp","href":"https:\/\/api.w.org\/{rel}","templated":true}]}}